{"id":4243,"date":"2025-02-12T10:15:32","date_gmt":"2025-02-12T09:15:32","guid":{"rendered":"https:\/\/www.tecnosur-online.com\/producto\/94176268\/"},"modified":"2025-02-12T13:01:34","modified_gmt":"2025-02-12T12:01:34","slug":"94176268","status":"publish","type":"product","link":"https:\/\/www.tecnosur-online.com\/en\/product\/94176268\/","title":{"rendered":"94176268"},"content":{"rendered":"","protected":false},"excerpt":{"rendered":"<p>Bul\u00f3n exc\u00e9ntrico brazo de transmisi\u00f3n<\/p>","protected":false},"featured_media":3799,"template":"","meta":[],"product_cat":[41],"product_tag":[],"class_list":{"0":"post-4243","1":"product","2":"type-product","3":"status-publish","4":"has-post-thumbnail","6":"product_cat-general","8":"first","9":"instock","10":"shipping-taxable","11":"purchasable","12":"product-type-simple"},"_links":{"self":[{"href":"https:\/\/www.tecnosur-online.com\/en\/wp-json\/wp\/v2\/product\/4243","targetHints":{"allow":["GET"]}}],"collection":[{"href":"https:\/\/www.tecnosur-online.com\/en\/wp-json\/wp\/v2\/product"}],"about":[{"href":"https:\/\/www.tecnosur-online.com\/en\/wp-json\/wp\/v2\/types\/product"}],"wp:featuredmedia":[{"embeddable":true,"href":"https:\/\/www.tecnosur-online.com\/en\/wp-json\/wp\/v2\/media\/3799"}],"wp:attachment":[{"href":"https:\/\/www.tecnosur-online.com\/en\/wp-json\/wp\/v2\/media?parent=4243"}],"wp:term":[{"taxonomy":"product_cat","embeddable":true,"href":"https:\/\/www.tecnosur-online.com\/en\/wp-json\/wp\/v2\/product_cat?post=4243"},{"taxonomy":"product_tag","embeddable":true,"href":"https:\/\/www.tecnosur-online.com\/en\/wp-json\/wp\/v2\/product_tag?post=4243"}],"curies":[{"name":"wp","href":"https:\/\/api.w.org\/{rel}","templated":true}]}}